{"id":6333,"date":"2024-05-21T23:00:22","date_gmt":"2024-05-21T21:00:22","guid":{"rendered":"https:\/\/lgr.upol.cz\/?page_id=6333"},"modified":"2025-03-31T17:06:28","modified_gmt":"2025-03-31T15:06:28","slug":"mgr-pencik-ales-ph-d","status":"publish","type":"page","link":"http:\/\/lgr.upol.cz\/en\/lide\/pencik\/","title":{"rendered":"Mgr. Ale\u0161 P\u011bn\u010d\u00edk, Ph.D."},"content":{"rendered":"[vc_row type=&#8221;in_container&#8221; full_screen_row_position=&#8221;middle&#8221; column_margin=&#8221;default&#8221; column_direction=&#8221;default&#8221; column_direction_tablet=&#8221;default&#8221; column_direction_phone=&#8221;default&#8221; scene_position=&#8221;center&#8221; text_color=&#8221;dark&#8221; text_align=&#8221;left&#8221; row_border_radius=&#8221;none&#8221; row_border_radius_applies=&#8221;bg&#8221; overflow=&#8221;visible&#8221; overlay_strength=&#8221;0.3&#8243; gradient_direction=&#8221;left_to_right&#8221; shape_divider_position=&#8221;bottom&#8221; bg_image_animation=&#8221;none&#8221;][vc_column column_padding=&#8221;no-extra-padding&#8221; column_padding_tablet=&#8221;inherit&#8221; column_padding_phone=&#8221;inherit&#8221; column_padding_position=&#8221;all&#8221; column_element_direction_desktop=&#8221;default&#8221; column_element_spacing=&#8221;default&#8221; desktop_text_alignment=&#8221;default&#8221; tablet_text_alignment=&#8221;default&#8221; phone_text_alignment=&#8221;default&#8221; background_color_opacity=&#8221;1&#8243; background_hover_color_opacity=&#8221;1&#8243; column_backdrop_filter=&#8221;none&#8221; column_shadow=&#8221;none&#8221; column_border_radius=&#8221;none&#8221; column_link_target=&#8221;_self&#8221; column_position=&#8221;default&#8221; gradient_direction=&#8221;left_to_right&#8221; overlay_strength=&#8221;0.3&#8243; width=&#8221;1\/1&#8243; tablet_width_inherit=&#8221;default&#8221; animation_type=&#8221;default&#8221; bg_image_animation=&#8221;none&#8221; border_type=&#8221;simple&#8221; column_border_width=&#8221;none&#8221; column_border_style=&#8221;solid&#8221;][divider line_type=&#8221;No Line&#8221; custom_height=&#8221;80&#8243;][\/vc_column][\/vc_row][vc_row type=&#8221;in_container&#8221; full_screen_row_position=&#8221;middle&#8221; column_margin=&#8221;default&#8221; column_direction=&#8221;default&#8221; column_direction_tablet=&#8221;default&#8221; column_direction_phone=&#8221;default&#8221; scene_position=&#8221;center&#8221; text_color=&#8221;dark&#8221; text_align=&#8221;left&#8221; row_border_radius=&#8221;none&#8221; row_border_radius_applies=&#8221;bg&#8221; overflow=&#8221;visible&#8221; overlay_strength=&#8221;0.3&#8243; gradient_direction=&#8221;left_to_right&#8221; shape_divider_position=&#8221;bottom&#8221; bg_image_animation=&#8221;none&#8221;][vc_column column_padding=&#8221;no-extra-padding&#8221; column_padding_tablet=&#8221;inherit&#8221; column_padding_phone=&#8221;inherit&#8221; column_padding_position=&#8221;all&#8221; column_element_direction_desktop=&#8221;default&#8221; column_element_spacing=&#8221;default&#8221; desktop_text_alignment=&#8221;default&#8221; tablet_text_alignment=&#8221;default&#8221; phone_text_alignment=&#8221;default&#8221; background_color_opacity=&#8221;1&#8243; background_hover_color_opacity=&#8221;1&#8243; column_backdrop_filter=&#8221;none&#8221; column_shadow=&#8221;none&#8221; column_border_radius=&#8221;none&#8221; column_link_target=&#8221;_self&#8221; column_position=&#8221;default&#8221; gradient_direction=&#8221;left_to_right&#8221; overlay_strength=&#8221;0.3&#8243; width=&#8221;1\/1&#8243; tablet_width_inherit=&#8221;default&#8221; animation_type=&#8221;default&#8221; bg_image_animation=&#8221;none&#8221; border_type=&#8221;simple&#8221; column_border_width=&#8221;none&#8221; column_border_style=&#8221;solid&#8221;][vc_column_text]<strong><img loading=\"lazy\" decoding=\"async\" class=\"size-medium wp-image-6201 alignright\" src=\"http:\/\/lgr.upol.cz\/wp-content\/uploads\/2024\/02\/1X1A5785-200x300.jpg\" alt=\"\" width=\"200\" height=\"300\" srcset=\"http:\/\/lgr.upol.cz\/wp-content\/uploads\/2024\/02\/1X1A5785-200x300.jpg 200w, http:\/\/lgr.upol.cz\/wp-content\/uploads\/2024\/02\/1X1A5785.jpg 233w\" sizes=\"auto, (max-width: 200px) 100vw, 200px\" \/><\/strong><\/p>\n<p>Tel: 58 563 <strong>4852<\/strong> | E-mail: <a href=\"mailto:ales.pencik@upol.cz\">ales.pencik@upol.cz<\/a>, <a href=\"mailto:alespencik@seznam.cz\">alespencik@seznam.cz<\/a> | Building 47, Room: 4.24<\/p>\n<p>ORCID: 0000-0002-1314-2249 | Researcher ID: D-4488-2018<\/p>\n<p>&nbsp;<\/p>\n<p><strong>Research focus<\/strong><\/p>\n<ul>\n<li>Development of methods for isolation and profiling of phytohormone metabolites in various plant species with tissue-, cell-, and organelle resolution<\/li>\n<li>Development of new approaches for organelle isolation, mapping phytohormone distribution within plant cells<\/li>\n<li>Studying phytohormone biosynthesis and metabolism using in vivo stable isotope labeling and mass spectrometry<\/li>\n<\/ul>\n<h3><strong>Education<\/strong><\/h3>\n<ul>\n<li>2005\u20132010 \u2013 Doctoral studies at the Palack\u00fd University Olomouc, Faculty of Science, Department of Botany and Laboratory of Growth Regulators<\/li>\n<li>2000\u20132005 \u2013 Master&#8217;s studies at the Palack\u00fd University Olomouc, Faculty of Science; Study program \u2013 Systemic Biology \u2013 Botany<\/li>\n<\/ul>\n<p><strong>Employment<\/strong><\/p>\n<ul>\n<li>Since 2022 \u2013 Head of Laboratory of Growth Regulators, Palack\u00fd University Olomouc &#038; Institute of Experimental Botany of the Academy of Sciences of the Czech Republic, Czech Republic<\/li>\n<li>Since 2017 \u2013 Senior Postdoctoral Researcher, Institute of Experimental Botany of the Academy of Sciences of the Czech Republic<\/li>\n<li>2014\u20132016 \u2013 Junior Researcher, Centre of the Region Han\u00e1 for Biotechnological and Agricultural Research, Department of Chemical Biology and Genetics, Palack\u00fd University in Olomouc<\/li>\n<li>2012\u20132014 \u2013 Postdoctoral Researcher, Ume\u00e5 Plant Science Centre, Department of Forest Genetics and Plant Physiology, Swedish University of Agricultural Sciences, Ume\u00e5, Sweden<\/li>\n<li>2010\u20132012 \u2013 Junior Researcher, Centre of the Region Han\u00e1 for Biotechnological and Agricultural Research, Department of Chemical Biology and Genetics, Palack\u00fd University in Olomouc<\/li>\n<\/ul>\n<p><strong>International Experience<\/strong><\/p>\n<ul>\n<li>2012\u20132014 \u2013 Postdoctoral Researcher, Ume\u00e5 Plant Science Centre, Department of Forest Genetics and Plant Physiology, Swedish University of Agricultural Sciences, Ume\u00e5, Sweden<\/li>\n<li>2009 \u2013 Visiting Researcher, Technische Universit\u00e4t Dresden, Institute for Botany, Dresden, Germany (3 months)<\/li>\n<\/ul>\n<p><strong>Professional Activities<\/strong><\/p>\n<ul>\n<li>Supervision of students \u2013 Ph.D., Master&#8217;s, and Bachelor&#8217;s students<\/li>\n<li>Member of the committee of The Czech Society of Experimental Plant Biology (CSEPB)<\/li>\n<\/ul>\n<p><strong>Teaching<\/strong><\/p>\n<ul>\n<li>Lecturer and course coordinator at the Faculty of Science, Palack\u00fd University Olomouc, Czech Republic<\/li>\n<\/ul>\n[\/vc_column_text][\/vc_column][\/vc_row]\n","protected":false},"excerpt":{"rendered":"<p>[vc_row type=&#8221;in_container&#8221; full_screen_row_position=&#8221;middle&#8221; column_margin=&#8221;default&#8221; column_direction=&#8221;default&#8221; column_direction_tablet=&#8221;default&#8221; column_direction_phone=&#8221;default&#8221; scene_position=&#8221;center&#8221; text_color=&#8221;dark&#8221; text_align=&#8221;left&#8221; row_border_radius=&#8221;none&#8221; row_border_radius_applies=&#8221;bg&#8221; overflow=&#8221;visible&#8221; overlay_strength=&#8221;0.3&#8243; gradient_direction=&#8221;left_to_right&#8221; shape_divider_position=&#8221;bottom&#8221; bg_image_animation=&#8221;none&#8221;][vc_column column_padding=&#8221;no-extra-padding&#8221; column_padding_tablet=&#8221;inherit&#8221; column_padding_phone=&#8221;inherit&#8221; column_padding_position=&#8221;all&#8221; column_element_direction_desktop=&#8221;default&#8221; column_element_spacing=&#8221;default&#8221; desktop_text_alignment=&#8221;default&#8221; tablet_text_alignment=&#8221;default&#8221; phone_text_alignment=&#8221;default&#8221; background_color_opacity=&#8221;1&#8243; background_hover_color_opacity=&#8221;1&#8243; column_backdrop_filter=&#8221;none&#8221; column_shadow=&#8221;none&#8221;&#8230;<\/p>\n","protected":false},"author":5,"featured_media":0,"parent":0,"menu_order":0,"comment_status":"closed","ping_status":"closed","template":"","meta":{"footnotes":""},"class_list":["post-6333","page","type-page","status-publish"],"_links":{"self":[{"href":"http:\/\/lgr.upol.cz\/en\/wp-json\/wp\/v2\/pages\/6333","targetHints":{"allow":["GET"]}}],"collection":[{"href":"http:\/\/lgr.upol.cz\/en\/wp-json\/wp\/v2\/pages"}],"about":[{"href":"http:\/\/lgr.upol.cz\/en\/wp-json\/wp\/v2\/types\/page"}],"author":[{"embeddable":true,"href":"http:\/\/lgr.upol.cz\/en\/wp-json\/wp\/v2\/users\/5"}],"replies":[{"embeddable":true,"href":"http:\/\/lgr.upol.cz\/en\/wp-json\/wp\/v2\/comments?post=6333"}],"version-history":[{"count":7,"href":"http:\/\/lgr.upol.cz\/en\/wp-json\/wp\/v2\/pages\/6333\/revisions"}],"predecessor-version":[{"id":7029,"href":"http:\/\/lgr.upol.cz\/en\/wp-json\/wp\/v2\/pages\/6333\/revisions\/7029"}],"wp:attachment":[{"href":"http:\/\/lgr.upol.cz\/en\/wp-json\/wp\/v2\/media?parent=6333"}],"curies":[{"name":"wp","href":"https:\/\/api.w.org\/{rel}","templated":true}]}}