{"id":6729,"date":"2024-12-09T08:48:58","date_gmt":"2024-12-09T07:48:58","guid":{"rendered":"https:\/\/lgr.upol.cz\/?page_id=6729"},"modified":"2025-03-31T16:57:00","modified_gmt":"2025-03-31T14:57:00","slug":"doc-rndr-jiri-pospisil-ph-d-2","status":"publish","type":"page","link":"http:\/\/lgr.upol.cz\/en\/lide\/karady\/","title":{"rendered":"Mgr. Michal Kar\u00e1dy, Ph.D."},"content":{"rendered":"[vc_row type=&#8221;in_container&#8221; full_screen_row_position=&#8221;middle&#8221; column_margin=&#8221;default&#8221; column_direction=&#8221;default&#8221; column_direction_tablet=&#8221;default&#8221; column_direction_phone=&#8221;default&#8221; scene_position=&#8221;center&#8221; text_color=&#8221;dark&#8221; text_align=&#8221;left&#8221; row_border_radius=&#8221;none&#8221; row_border_radius_applies=&#8221;bg&#8221; overflow=&#8221;visible&#8221; overlay_strength=&#8221;0.3&#8243; gradient_direction=&#8221;left_to_right&#8221; shape_divider_position=&#8221;bottom&#8221; bg_image_animation=&#8221;none&#8221;][vc_column column_padding=&#8221;no-extra-padding&#8221; column_padding_tablet=&#8221;inherit&#8221; column_padding_phone=&#8221;inherit&#8221; column_padding_position=&#8221;all&#8221; column_element_direction_desktop=&#8221;default&#8221; column_element_spacing=&#8221;default&#8221; desktop_text_alignment=&#8221;default&#8221; tablet_text_alignment=&#8221;default&#8221; phone_text_alignment=&#8221;default&#8221; background_color_opacity=&#8221;1&#8243; background_hover_color_opacity=&#8221;1&#8243; column_backdrop_filter=&#8221;none&#8221; column_shadow=&#8221;none&#8221; column_border_radius=&#8221;none&#8221; column_link_target=&#8221;_self&#8221; column_position=&#8221;default&#8221; gradient_direction=&#8221;left_to_right&#8221; overlay_strength=&#8221;0.3&#8243; width=&#8221;1\/1&#8243; tablet_width_inherit=&#8221;default&#8221; animation_type=&#8221;default&#8221; bg_image_animation=&#8221;none&#8221; border_type=&#8221;simple&#8221; column_border_width=&#8221;none&#8221; column_border_style=&#8221;solid&#8221;][divider line_type=&#8221;No Line&#8221; custom_height=&#8221;80&#8243;][\/vc_column][\/vc_row][vc_row type=&#8221;in_container&#8221; full_screen_row_position=&#8221;middle&#8221; column_margin=&#8221;default&#8221; column_direction=&#8221;default&#8221; column_direction_tablet=&#8221;default&#8221; column_direction_phone=&#8221;default&#8221; scene_position=&#8221;center&#8221; text_color=&#8221;dark&#8221; text_align=&#8221;left&#8221; row_border_radius=&#8221;none&#8221; row_border_radius_applies=&#8221;bg&#8221; overflow=&#8221;visible&#8221; overlay_strength=&#8221;0.3&#8243; gradient_direction=&#8221;left_to_right&#8221; shape_divider_position=&#8221;bottom&#8221; bg_image_animation=&#8221;none&#8221;][vc_column column_padding=&#8221;no-extra-padding&#8221; column_padding_tablet=&#8221;inherit&#8221; column_padding_phone=&#8221;inherit&#8221; column_padding_position=&#8221;all&#8221; column_element_direction_desktop=&#8221;default&#8221; column_element_spacing=&#8221;default&#8221; desktop_text_alignment=&#8221;default&#8221; tablet_text_alignment=&#8221;default&#8221; phone_text_alignment=&#8221;default&#8221; background_color_opacity=&#8221;1&#8243; background_hover_color_opacity=&#8221;1&#8243; column_backdrop_filter=&#8221;none&#8221; column_shadow=&#8221;none&#8221; column_border_radius=&#8221;none&#8221; column_link_target=&#8221;_self&#8221; column_position=&#8221;default&#8221; gradient_direction=&#8221;left_to_right&#8221; overlay_strength=&#8221;0.3&#8243; width=&#8221;1\/1&#8243; tablet_width_inherit=&#8221;default&#8221; animation_type=&#8221;default&#8221; bg_image_animation=&#8221;none&#8221; border_type=&#8221;simple&#8221; column_border_width=&#8221;none&#8221; column_border_style=&#8221;solid&#8221;][vc_column_text]<strong><em><img loading=\"lazy\" decoding=\"async\" class=\"wp-image-6889 size-medium alignright\" src=\"http:\/\/lgr.upol.cz\/wp-content\/uploads\/2025\/01\/1X1A5693-200x300.jpg\" alt=\"\" width=\"200\" height=\"300\" srcset=\"http:\/\/lgr.upol.cz\/wp-content\/uploads\/2025\/01\/1X1A5693-200x300.jpg 200w, http:\/\/lgr.upol.cz\/wp-content\/uploads\/2025\/01\/1X1A5693-683x1024.jpg 683w, http:\/\/lgr.upol.cz\/wp-content\/uploads\/2025\/01\/1X1A5693-768x1152.jpg 768w, http:\/\/lgr.upol.cz\/wp-content\/uploads\/2025\/01\/1X1A5693.jpg 800w\" sizes=\"auto, (max-width: 200px) 100vw, 200px\" \/><\/em><\/strong><\/p>\n<p>Tel: 58 563 <strong>4858<\/strong>; E-mail: michal.karady@upol.cz; \u00a0Building 47, Room: 4.23<\/p>\n<p>ORCID: 0000-0002-5603-706X |ResearcherID: H-2428-2014<\/p>\n<p>&nbsp;<\/p>\n<p>&nbsp;<\/p>\n<p><strong>Research focus<\/strong><\/p>\n<ul>\n<li>Development of analytical methods suitable for quantification of known or unknown small molecules in plants, with emphasis on various phytohormones and related compounds &#038; metabolites.<\/li>\n<li>Development of techniques for volatile phytohormones, and other volatile substances present in plants, accurate quantification.<\/li>\n<li>Application of obtained methods to assess various compounds levels in stressed plants, determining their biological relevance, dependency a phenotypic effects during these processes.<\/li>\n<\/ul>\n<p><strong>Education<\/strong><\/p>\n<ul>\n<li>2013 &#8211; PhD. Faculty of Science, Palack\u00fd University Olomouc (UPOL); program: Botany<\/li>\n<li>2006 &#8211; M.Sc. Faculty of Science, Pavol Jozef \u0160af\u00e1rik University in Ko\u0161ice, Slovak Republic; program: Plant Physiology and Botany<\/li>\n<\/ul>\n<p><strong>Employment<\/strong><\/p>\n<ul>\n<li>2024 &#8211; Group Leader of Stress Plant Hormones group at Laboratory of Growth Regulators, UPOL, Czech Republic<\/li>\n<li>2020-2024 Junior Researcher at the Laboratory of Growth Regulators, UPOL, Czech Republic<\/li>\n<li>2018-2020 Junior Researcher at the Center of the Region Han\u00e1 for Biotechnological and Agricultural Research, UPOL, Czech Republic<\/li>\n<li>2013-2018 Postdoc researcher at Ume\u00e5 Plant Science Centre, Department of Forest Genetics and<br \/>\nPlant Physiology, Swedish University of Agricultural Sciences, Ume\u00e5, Sweden<\/li>\n<\/ul>\n<p><strong>International Experience<\/strong><\/p>\n<ul>\n<li>2013-2018 Ume\u00e5 Plant Science Centre, Department of Forest Genetics and Plant Physiology, Swedish University of Agricultural Sciences, Ume\u00e5, Sweden (5 years)<\/li>\n<li>2010 Universiteit Antwerpen (3 months)<\/li>\n<\/ul>\n<p><strong>Professional activities<\/strong><\/p>\n<ul>\n<li>Teaching \u2013 Lecturer and course coordinator at Faculty of Science, UPOL<\/li>\n<li>Supervision of students \u2013 Ph.D. \/ Master \/ Bachelor Students<\/li>\n<\/ul>\n[\/vc_column_text][\/vc_column][\/vc_row]\n","protected":false},"excerpt":{"rendered":"<p>[vc_row type=&#8221;in_container&#8221; full_screen_row_position=&#8221;middle&#8221; column_margin=&#8221;default&#8221; column_direction=&#8221;default&#8221; column_direction_tablet=&#8221;default&#8221; column_direction_phone=&#8221;default&#8221; scene_position=&#8221;center&#8221; text_color=&#8221;dark&#8221; text_align=&#8221;left&#8221; row_border_radius=&#8221;none&#8221; row_border_radius_applies=&#8221;bg&#8221; overflow=&#8221;visible&#8221; overlay_strength=&#8221;0.3&#8243; gradient_direction=&#8221;left_to_right&#8221; shape_divider_position=&#8221;bottom&#8221; bg_image_animation=&#8221;none&#8221;][vc_column column_padding=&#8221;no-extra-padding&#8221; column_padding_tablet=&#8221;inherit&#8221; column_padding_phone=&#8221;inherit&#8221; column_padding_position=&#8221;all&#8221; column_element_direction_desktop=&#8221;default&#8221; column_element_spacing=&#8221;default&#8221; desktop_text_alignment=&#8221;default&#8221; tablet_text_alignment=&#8221;default&#8221; phone_text_alignment=&#8221;default&#8221; background_color_opacity=&#8221;1&#8243; background_hover_color_opacity=&#8221;1&#8243; column_backdrop_filter=&#8221;none&#8221; column_shadow=&#8221;none&#8221;&#8230;<\/p>\n","protected":false},"author":6,"featured_media":0,"parent":0,"menu_order":0,"comment_status":"closed","ping_status":"closed","template":"","meta":{"footnotes":""},"class_list":["post-6729","page","type-page","status-publish"],"_links":{"self":[{"href":"http:\/\/lgr.upol.cz\/en\/wp-json\/wp\/v2\/pages\/6729","targetHints":{"allow":["GET"]}}],"collection":[{"href":"http:\/\/lgr.upol.cz\/en\/wp-json\/wp\/v2\/pages"}],"about":[{"href":"http:\/\/lgr.upol.cz\/en\/wp-json\/wp\/v2\/types\/page"}],"author":[{"embeddable":true,"href":"http:\/\/lgr.upol.cz\/en\/wp-json\/wp\/v2\/users\/6"}],"replies":[{"embeddable":true,"href":"http:\/\/lgr.upol.cz\/en\/wp-json\/wp\/v2\/comments?post=6729"}],"version-history":[{"count":5,"href":"http:\/\/lgr.upol.cz\/en\/wp-json\/wp\/v2\/pages\/6729\/revisions"}],"predecessor-version":[{"id":7024,"href":"http:\/\/lgr.upol.cz\/en\/wp-json\/wp\/v2\/pages\/6729\/revisions\/7024"}],"wp:attachment":[{"href":"http:\/\/lgr.upol.cz\/en\/wp-json\/wp\/v2\/media?parent=6729"}],"curies":[{"name":"wp","href":"https:\/\/api.w.org\/{rel}","templated":true}]}}